{"id":6468,"date":"2023-06-21T20:10:12","date_gmt":"2023-06-21T17:10:12","guid":{"rendered":"https:\/\/sastronlimited.com\/?post_type=product&#038;p=6468"},"modified":"2023-06-21T21:10:56","modified_gmt":"2023-06-21T18:10:56","slug":"goot-anti-static-desoldering-pump-solder-sucker","status":"publish","type":"product","link":"https:\/\/sastronlimited.com\/ar\/product\/goot-anti-static-desoldering-pump-solder-sucker\/","title":{"rendered":"Goot Anti-Static Desoldering Pump, Solder Sucker Made in Japan"},"content":{"rendered":"<table>\n<tbody>\n<tr>\n<th>MODEL<\/th>\n<td>GS-150<\/td>\n<td>GS-154<\/td>\n<td>GS-158<\/td>\n<\/tr>\n<tr>\n<th>Color<\/th>\n<td colspan=\"3\">Black<\/td>\n<\/tr>\n<tr>\n<th>Length<\/th>\n<td>330mm<\/td>\n<td>275mm<\/td>\n<td>190mm<\/td>\n<\/tr>\n<tr>\n<th>When Stored<\/th>\n<td>240mm<\/td>\n<td>205mm<\/td>\n<td>\u2212<\/td>\n<\/tr>\n<tr>\n<th>Weight<\/th>\n<td>89g<\/td>\n<td>65g<\/td>\n<td>25g<\/td>\n<\/tr>\n<tr>\n<th>Diameter<\/th>\n<td>\u00f823mm<\/td>\n<td>\u00f819mm<\/td>\n<td>\u00f814mm<\/td>\n<\/tr>\n<tr>\n<th>Applicable Nozzle<\/th>\n<td colspan=\"2\">GS-150N<\/td>\n<td>GS-158N<\/td>\n<\/tr>\n<\/tbody>\n<\/table>","protected":false},"excerpt":{"rendered":"<p>MODEL GS-150 GS-154 GS-158 Color Black Length 330mm 275mm 190mm When Stored 240mm 205mm \u2212 Weight 89g 65g 25g Diameter \u00f823mm \u00f819mm \u00f814mm Applicable Nozzle GS-150N GS-158N<\/p>","protected":false},"featured_media":6469,"comment_status":"open","ping_status":"closed","template":"","meta":{"_monsterinsights_skip_tracking":false,"_monsterinsights_sitenote_active":false,"_monsterinsights_sitenote_note":"","_monsterinsights_sitenote_category":0,"site-sidebar-layout":"default","site-content-layout":"default","ast-site-content-layout":"default","site-content-style":"default","site-sidebar-style":"default","ast-global-header-display":"","ast-banner-title-visibility":"","ast-main-header-display":"","ast-hfb-above-header-display":"","ast-hfb-below-header-display":"","ast-hfb-mobile-header-display":"","site-post-title":"","ast-breadcrumbs-content":"","ast-featured-img":"","footer-sml-layout":"","ast-disable-related-posts":"","theme-transparent-header-meta":"default","adv-header-id-meta":"","stick-header-meta":"","header-above-stick-meta":"","header-main-stick-meta":"","header-below-stick-meta":"","astra-migrate-meta-layouts":"default","ast-page-background-enabled":"default","ast-page-background-meta":{"desktop":{"background-color":"","background-image":"","background-repeat":"repeat","background-position":"center center","background-size":"auto","background-attachment":"scroll","background-type":"","background-media":"","overlay-type":"","overlay-color":"","overlay-opacity":"","overlay-gradient":""},"tablet":{"background-color":"","background-image":"","background-repeat":"repeat","background-position":"center center","background-size":"auto","background-attachment":"scroll","background-type":"","background-media":"","overlay-type":"","overlay-color":"","overlay-opacity":"","overlay-gradient":""},"mobile":{"background-color":"","background-image":"","background-repeat":"repeat","background-position":"center center","background-size":"auto","background-attachment":"scroll","background-type":"","background-media":"","overlay-type":"","overlay-color":"","overlay-opacity":"","overlay-gradient":""}},"ast-content-background-meta":{"desktop":{"background-color":"var(--ast-global-color-5)","background-image":"","background-repeat":"repeat","background-position":"center center","background-size":"auto","background-attachment":"scroll","background-type":"","background-media":"","overlay-type":"","overlay-color":"","overlay-opacity":"","overlay-gradient":""},"tablet":{"background-color":"var(--ast-global-color-5)","background-image":"","background-repeat":"repeat","background-position":"center center","background-size":"auto","background-attachment":"scroll","background-type":"","background-media":"","overlay-type":"","overlay-color":"","overlay-opacity":"","overlay-gradient":""},"mobile":{"background-color":"var(--ast-global-color-5)","background-image":"","background-repeat":"repeat","background-position":"center center","background-size":"auto","background-attachment":"scroll","background-type":"","background-media":"","overlay-type":"","overlay-color":"","overlay-opacity":"","overlay-gradient":""}}},"pwb-brand":[],"product_brand":[],"product_cat":[66,65],"product_tag":[],"class_list":{"0":"post-6468","1":"product","2":"type-product","3":"status-publish","4":"has-post-thumbnail","6":"product_cat-soldering-accessories","7":"product_cat-tools","8":"desktop-align-left","9":"tablet-align-left","10":"mobile-align-left","12":"first","13":"instock","14":"taxable","15":"shipping-taxable","16":"purchasable","17":"product-type-variable"},"aioseo_notices":[],"brands":[],"_links":{"self":[{"href":"https:\/\/sastronlimited.com\/ar\/wp-json\/wp\/v2\/product\/6468","targetHints":{"allow":["GET"]}}],"collection":[{"href":"https:\/\/sastronlimited.com\/ar\/wp-json\/wp\/v2\/product"}],"about":[{"href":"https:\/\/sastronlimited.com\/ar\/wp-json\/wp\/v2\/types\/product"}],"replies":[{"embeddable":true,"href":"https:\/\/sastronlimited.com\/ar\/wp-json\/wp\/v2\/comments?post=6468"}],"wp:featuredmedia":[{"embeddable":true,"href":"https:\/\/sastronlimited.com\/ar\/wp-json\/wp\/v2\/media\/6469"}],"wp:attachment":[{"href":"https:\/\/sastronlimited.com\/ar\/wp-json\/wp\/v2\/media?parent=6468"}],"wp:term":[{"taxonomy":"pwb-brand","embeddable":true,"href":"https:\/\/sastronlimited.com\/ar\/wp-json\/wp\/v2\/pwb-brand?post=6468"},{"taxonomy":"product_brand","embeddable":true,"href":"https:\/\/sastronlimited.com\/ar\/wp-json\/wp\/v2\/product_brand?post=6468"},{"taxonomy":"product_cat","embeddable":true,"href":"https:\/\/sastronlimited.com\/ar\/wp-json\/wp\/v2\/product_cat?post=6468"},{"taxonomy":"product_tag","embeddable":true,"href":"https:\/\/sastronlimited.com\/ar\/wp-json\/wp\/v2\/product_tag?post=6468"}],"curies":[{"name":"wp","href":"https:\/\/api.w.org\/{rel}","templated":true}]}}